{"id":425,"date":"2022-06-20T13:09:39","date_gmt":"2022-06-20T10:09:39","guid":{"rendered":"https:\/\/levijoenloimu.fi\/general-machinery-repair-and-maintenance-services-in-levi\/"},"modified":"2025-10-23T21:46:29","modified_gmt":"2025-10-23T18:46:29","slug":"general-machinery-repair-and-maintenance-services-in-levi","status":"publish","type":"page","link":"https:\/\/levijoenloimu.fi\/en\/general-machinery-repair-and-maintenance-services-in-levi\/","title":{"rendered":"General machinery repair and maintenance services in Levi."},"content":{"rendered":"<p>[et_pb_section fb_built=&#8221;1&#8243; specialty=&#8221;on&#8221; padding_top_1=&#8221;60px&#8221; padding_top_bottom_link_1=&#8221;false&#8221; padding_left_right_link_1=&#8221;false&#8221; padding_1_tablet=&#8221;0px||||false|false&#8221; padding_1_phone=&#8221;0px||||false|false&#8221; padding_1_last_edited=&#8221;on|phone&#8221; admin_label=&#8221;Header&#8221; _builder_version=&#8221;4.17.6&#8243; _module_preset=&#8221;default&#8221; background_color=&#8221;#1D1D25&#8243; background_image=&#8221;https:\/\/levijoenloimu.fi\/wp-content\/uploads\/2022\/08\/moottori.jpeg&#8221; global_colors_info=&#8221;{}&#8221;][et_pb_column type=&#8221;1_2&#8243; specialty_columns=&#8221;2&#8243; _builder_version=&#8221;4.16&#8243; _module_preset=&#8221;default&#8221; custom_padding=&#8221;|||&#8221; global_colors_info=&#8221;{}&#8221; custom_padding__hover=&#8221;|||&#8221;][et_pb_row_inner _builder_version=&#8221;4.16&#8243; _module_preset=&#8221;default&#8221; global_colors_info=&#8221;{}&#8221;][et_pb_column_inner saved_specialty_column_type=&#8221;1_2&#8243; _builder_version=&#8221;4.16&#8243; _module_preset=&#8221;default&#8221; global_colors_info=&#8221;{}&#8221;][et_pb_text _builder_version=&#8221;4.27.4&#8243; _module_preset=&#8221;default&#8221; header_font=&#8221;Outfit|600|||||||&#8221; header_text_color=&#8221;#FFFFFF&#8221; header_font_size=&#8221;90px&#8221; header_line_height=&#8221;1.1em&#8221; header_font_size_tablet=&#8221;50px&#8221; header_font_size_phone=&#8221;24px&#8221; header_font_size_last_edited=&#8221;on|phone&#8221; locked=&#8221;off&#8221; global_colors_info=&#8221;{}&#8221;]<\/p>\n<h1>General machinery repair and maintenance services in Levi.<\/h1>\n<p>&nbsp;<\/p>\n<p>[\/et_pb_text][et_pb_divider color=&#8221;rgba(255,255,255,0.3)&#8221; divider_weight=&#8221;10px&#8221; _builder_version=&#8221;4.16&#8243; _module_preset=&#8221;default&#8221; z_index=&#8221;10&#8243; max_width=&#8221;260px&#8221; height=&#8221;10px&#8221; custom_margin=&#8221;-65px||30px||false|false&#8221; custom_margin_tablet=&#8221;-59px||||false|false&#8221; custom_margin_phone=&#8221;-48px||||false|false&#8221; custom_margin_last_edited=&#8221;on|desktop&#8221; global_colors_info=&#8221;{}&#8221;][\/et_pb_divider][\/et_pb_column_inner][\/et_pb_row_inner][\/et_pb_column][et_pb_column type=&#8221;1_2&#8243; _builder_version=&#8221;4.16&#8243; _module_preset=&#8221;default&#8221; custom_padding=&#8221;|||&#8221; global_colors_info=&#8221;{}&#8221; custom_padding__hover=&#8221;|||&#8221;][\/et_pb_column][\/et_pb_section][et_pb_section fb_built=&#8221;1&#8243; admin_label=&#8221;Services&#8221; _builder_version=&#8221;4.16&#8243; _module_preset=&#8221;default&#8221; use_background_color_gradient=&#8221;on&#8221; background_color_gradient_direction=&#8221;90deg&#8221; background_color_gradient_stops=&#8221;#ffffff 50%|#f7f7f7 50%&#8221; background_color_gradient_start=&#8221;#ffffff&#8221; background_color_gradient_start_position=&#8221;50%&#8221; background_color_gradient_end=&#8221;#f7f7f7&#8243; background_color_gradient_end_position=&#8221;50%&#8221; global_colors_info=&#8221;{}&#8221;][et_pb_row column_structure=&#8221;1_2,1_2&#8243; use_custom_gutter=&#8221;on&#8221; gutter_width=&#8221;2&#8243; _builder_version=&#8221;4.16&#8243; _module_preset=&#8221;default&#8221; global_colors_info=&#8221;{}&#8221;][et_pb_column type=&#8221;1_2&#8243; _builder_version=&#8221;4.16&#8243; _module_preset=&#8221;default&#8221; global_colors_info=&#8221;{}&#8221;][et_pb_text _builder_version=&#8221;4.27.4&#8243; _module_preset=&#8221;default&#8221; header_2_font=&#8221;Outfit|600|||||||&#8221; header_2_text_color=&#8221;#000000&#8243; header_2_font_size=&#8221;48px&#8221; header_2_line_height=&#8221;1.1em&#8221; custom_margin=&#8221;||0px||false|false&#8221; header_2_font_size_tablet=&#8221;32px&#8221; header_2_font_size_phone=&#8221;20px&#8221; header_2_font_size_last_edited=&#8221;on|desktop&#8221; header_2_line_height_tablet=&#8221;1.2em&#8221; header_2_line_height_phone=&#8221;&#8221; header_2_line_height_last_edited=&#8221;on|phone&#8221; locked=&#8221;off&#8221; global_colors_info=&#8221;{}&#8221;]<\/p>\n<h2>Services<\/h2>\n<p>[\/et_pb_text][et_pb_divider color=&#8221;rgba(76,89,76,0.24)&#8221; divider_weight=&#8221;5px&#8221; _builder_version=&#8221;4.16&#8243; _module_preset=&#8221;default&#8221; max_width=&#8221;210px&#8221; height=&#8221;5px&#8221; custom_margin=&#8221;-24px||30px||false|false&#8221; custom_margin_tablet=&#8221;-22px||||false|false&#8221; custom_margin_phone=&#8221;-18px||||false|false&#8221; custom_margin_last_edited=&#8221;on|phone&#8221; locked=&#8221;off&#8221; global_colors_info=&#8221;{}&#8221;][\/et_pb_divider][et_pb_text _builder_version=&#8221;4.27.4&#8243; _module_preset=&#8221;default&#8221; text_font_size=&#8221;16px&#8221; text_line_height=&#8221;1.8em&#8221; text_font_size_tablet=&#8221;15px&#8221; text_font_size_phone=&#8221;14px&#8221; text_font_size_last_edited=&#8221;on|phone&#8221; header_font_size_tablet=&#8221;55px&#8221; header_font_size_last_edited=&#8221;off|desktop&#8221; locked=&#8221;off&#8221; global_colors_info=&#8221;{}&#8221;]<\/p>\n<p>We service and repair tractors, wheel loaders and other heavy machinery, including small domestic appliances. Special skill set for modern Cummins Engines- including servicing engines and related technologies, including fuel systems, controls, air handling, filtration, emission solutions and electrical power generation systems.<\/p>\n<p>Jaakko M\u00e4kitalo <a href=\"callto:+358401681065\">+358 40 168 1065<\/a> or <a href=\"mailto:jaakko.makitalo@levijoenloimu.fi\">jaakko.makitalo@levijoenloimu.fi<\/a><\/p>\n<p>Jussi M\u00e4kitalo <a href=\"callto:+358407374792\">+358 40 7374 792<\/a><\/p>\n<p>&nbsp;<\/p>\n<p>&nbsp;<\/p>\n<p>[\/et_pb_text][\/et_pb_column][et_pb_column type=&#8221;1_2&#8243; _builder_version=&#8221;4.16&#8243; _module_preset=&#8221;default&#8221; global_colors_info=&#8221;{}&#8221;][et_pb_blurb title=&#8221;Prices starting 50 \u20ac\/h incl. 25,5 % vat tax&#8221; image_icon_width=&#8221;32px&#8221; icon_alignment=&#8221;left&#8221; _builder_version=&#8221;4.27.4&#8243; _module_preset=&#8221;default&#8221; header_font=&#8221;Outfit|700|||||||&#8221; header_text_color=&#8221;#000000&#8243; header_line_height=&#8221;1.1em&#8221; body_font_size=&#8221;12px&#8221; body_line_height=&#8221;1.8em&#8221; background_color=&#8221;#FFFFFF&#8221; custom_padding=&#8221;40px|40px|40px|40px|true|true&#8221; custom_padding_tablet=&#8221;30px|30px|30px|30px|true|true&#8221; custom_padding_phone=&#8221;20px|20px|20px|20px|true|true&#8221; custom_padding_last_edited=&#8221;on|phone&#8221; animation=&#8221;off&#8221; box_shadow_style=&#8221;preset3&#8243; box_shadow_vertical=&#8221;30px&#8221; box_shadow_blur=&#8221;60px&#8221; box_shadow_spread=&#8221;0px&#8221; box_shadow_color=&#8221;rgba(53,66,85,0.1)&#8221; locked=&#8221;off&#8221; global_colors_info=&#8221;{}&#8221; icon_color__hover=&#8221;#FFFFFF&#8221; icon_color__hover_enabled=&#8221;on|hover&#8221; header_text_color__hover=&#8221;#FFFFFF&#8221; header_text_color__hover_enabled=&#8221;on|hover&#8221; background_color__hover=&#8221;#1D1D25&#8243; background__hover_enabled=&#8221;on|hover&#8221; body_text_color__hover=&#8221;#FFFFFF&#8221; body_text_color__hover_enabled=&#8221;on|hover&#8221; background_enable_color__hover=&#8221;on&#8221;][\/et_pb_blurb][et_pb_blurb title=&#8221;We represent Avant in Levi and Lapland&#8221; image_icon_width=&#8221;32px&#8221; icon_alignment=&#8221;left&#8221; _builder_version=&#8221;4.27.4&#8243; _module_preset=&#8221;default&#8221; header_font=&#8221;Outfit|700|||||||&#8221; header_text_color=&#8221;#000000&#8243; header_line_height=&#8221;1.1em&#8221; body_font_size=&#8221;12px&#8221; body_line_height=&#8221;1.8em&#8221; background_color=&#8221;#FFFFFF&#8221; custom_padding=&#8221;40px|40px|40px|40px|true|true&#8221; custom_padding_tablet=&#8221;30px|30px|30px|30px|true|true&#8221; custom_padding_phone=&#8221;20px|20px|20px|20px|true|true&#8221; custom_padding_last_edited=&#8221;on|phone&#8221; animation=&#8221;off&#8221; hover_enabled=&#8221;0&#8243; box_shadow_style=&#8221;preset3&#8243; box_shadow_vertical=&#8221;30px&#8221; box_shadow_blur=&#8221;60px&#8221; box_shadow_spread=&#8221;0px&#8221; box_shadow_color=&#8221;rgba(53,66,85,0.1)&#8221; locked=&#8221;off&#8221; global_colors_info=&#8221;{}&#8221; icon_color__hover=&#8221;#FFFFFF&#8221; icon_color__hover_enabled=&#8221;on|hover&#8221; header_text_color__hover=&#8221;#FFFFFF&#8221; header_text_color__hover_enabled=&#8221;on|hover&#8221; background_color__hover=&#8221;#1D1D25&#8243; background__hover_enabled=&#8221;on|hover&#8221; body_text_color__hover=&#8221;#FFFFFF&#8221; body_text_color__hover_enabled=&#8221;on|hover&#8221; background_enable_color__hover=&#8221;on&#8221; url=&#8221;https:\/\/www.avanttecno.com\/fi\/yhteystiedot\/huolto_varaosat?utm_term=avant%20huolto&#038;utm_campaign=JK%20%7C%20Avant%20huolto%20FIN&#038;utm_source=adwords&#038;utm_medium=ppc&#038;hsa_acc=2409976347&#038;hsa_cam=12402517382&#038;hsa_grp=121053711351&#038;hsa_ad=500366055359&#038;hsa_src=g&#038;hsa_tgt=kwd-316047000153&#038;hsa_kw=avant%20huolto&#038;hsa_mt=b&#038;hsa_net=adwords&#038;hsa_ver=3&#038;gad_source=1&#038;gad_campaignid=12402517382&#038;gbraid=0AAAAABifBqOCv5hQWgoRE71jT32HBOenj&#8221; url_new_window=&#8221;on&#8221; sticky_enabled=&#8221;0&#8243; use_icon=&#8221;on&#8221; font_icon=&#8221;&#x24;||divi||400&#8243;][\/et_pb_blurb][et_pb_image src=&#8221;https:\/\/levijoenloimu.fi\/wp-content\/uploads\/2025\/09\/avant-logo-2025-RGB-outline-black.png&#8221; _builder_version=&#8221;4.27.4&#8243; _module_preset=&#8221;default&#8221; title_text=&#8221;avant-logo-2025-RGB-outline-black&#8221; hover_enabled=&#8221;0&#8243; sticky_enabled=&#8221;0&#8243;][\/et_pb_image][\/et_pb_column][\/et_pb_row][\/et_pb_section][et_pb_section fb_built=&#8221;1&#8243; admin_label=&#8221;Footer&#8221; _builder_version=&#8221;4.16&#8243; _module_preset=&#8221;default&#8221; saved_tabs=&#8221;all&#8221; locked=&#8221;off&#8221; global_colors_info=&#8221;{}&#8221;][et_pb_row column_structure=&#8221;1_3,1_3,1_3&#8243; _builder_version=&#8221;4.16&#8243; _module_preset=&#8221;default&#8221; global_colors_info=&#8221;{}&#8221;][et_pb_column type=&#8221;1_3&#8243; _builder_version=&#8221;4.16&#8243; _module_preset=&#8221;default&#8221; global_colors_info=&#8221;{}&#8221;][et_pb_text _builder_version=&#8221;4.17.4&#8243; _module_preset=&#8221;default&#8221; header_4_font=&#8221;|700||on|||||&#8221; header_4_text_color=&#8221;#4C594C&#8221; header_4_font_size=&#8221;14px&#8221; header_4_letter_spacing=&#8221;0.2em&#8221; header_4_line_height=&#8221;1.5em&#8221; custom_margin=&#8221;||0px||false|false&#8221; locked=&#8221;off&#8221; global_colors_info=&#8221;{}&#8221;]<\/p>\n<h4>Company<\/h4>\n<p>[\/et_pb_text][et_pb_text _builder_version=&#8221;4.17.4&#8243; _module_preset=&#8221;default&#8221; text_font_size=&#8221;13px&#8221; text_line_height=&#8221;1.8em&#8221; link_text_color=&#8221;#666666&#8243; custom_margin=&#8221;||||false|false&#8221; header_font_size_tablet=&#8221;55px&#8221; header_font_size_last_edited=&#8221;off|desktop&#8221; locked=&#8221;off&#8221; global_colors_info=&#8221;{}&#8221;]Levijoen Loimu<br \/>\n[\/et_pb_text][\/et_pb_column][et_pb_column type=&#8221;1_3&#8243; _builder_version=&#8221;4.16&#8243; _module_preset=&#8221;default&#8221; global_colors_info=&#8221;{}&#8221;][et_pb_text _builder_version=&#8221;4.17.4&#8243; _module_preset=&#8221;default&#8221; header_4_font=&#8221;|700||on|||||&#8221; header_4_text_color=&#8221;#4C594C&#8221; header_4_font_size=&#8221;14px&#8221; header_4_letter_spacing=&#8221;0.2em&#8221; header_4_line_height=&#8221;1.5em&#8221; custom_margin=&#8221;||0px||false|false&#8221; locked=&#8221;off&#8221; global_colors_info=&#8221;{}&#8221;]<\/p>\n<h4>Address<\/h4>\n<p>[\/et_pb_text][et_pb_text _builder_version=&#8221;4.17.4&#8243; _module_preset=&#8221;default&#8221; text_font_size=&#8221;13px&#8221; text_line_height=&#8221;1.8em&#8221; link_text_color=&#8221;#666666&#8243; custom_margin=&#8221;||||false|false&#8221; header_font_size_tablet=&#8221;55px&#8221; header_font_size_last_edited=&#8221;off|desktop&#8221; locked=&#8221;off&#8221; global_colors_info=&#8221;{}&#8221;]Kaltiokummuntie 50, 99130 Levi<br \/>\n[\/et_pb_text][et_pb_text _builder_version=&#8221;4.17.4&#8243; _module_preset=&#8221;default&#8221; text_font_size=&#8221;13px&#8221; text_line_height=&#8221;1.8em&#8221; link_text_color=&#8221;#666666&#8243; custom_margin=&#8221;||||false|false&#8221; header_font_size_tablet=&#8221;55px&#8221; header_font_size_last_edited=&#8221;off|desktop&#8221; locked=&#8221;off&#8221; global_colors_info=&#8221;{}&#8221;]<a href=\"mailto:info@levijoenloimu.fi\">info@levijoenloimu.fi<\/a><br \/>\n[\/et_pb_text][et_pb_text _builder_version=&#8221;4.17.4&#8243; _module_preset=&#8221;default&#8221; text_font_size=&#8221;13px&#8221; text_line_height=&#8221;1.8em&#8221; link_text_color=&#8221;#666666&#8243; custom_margin=&#8221;||||false|false&#8221; header_font_size_tablet=&#8221;55px&#8221; header_font_size_last_edited=&#8221;off|desktop&#8221; locked=&#8221;off&#8221; global_colors_info=&#8221;{}&#8221;]<a href=\"callto:+358405174882\">+358 40 517 4882<\/a><br \/>\n[\/et_pb_text][\/et_pb_column][et_pb_column type=&#8221;1_3&#8243; _builder_version=&#8221;4.17.4&#8243; _module_preset=&#8221;default&#8221; global_colors_info=&#8221;{}&#8221;][et_pb_text _builder_version=&#8221;4.17.4&#8243; _module_preset=&#8221;default&#8221; header_4_font=&#8221;|700||on|||||&#8221; header_4_text_color=&#8221;#4C594C&#8221; header_4_font_size=&#8221;14px&#8221; header_4_letter_spacing=&#8221;0.2em&#8221; header_4_line_height=&#8221;1.5em&#8221; custom_margin=&#8221;||0px||false|false&#8221; locked=&#8221;off&#8221; global_colors_info=&#8221;{}&#8221;]<\/p>\n<h4>Follow us<\/h4>\n<p>[\/et_pb_text][et_pb_social_media_follow icon_color=&#8221;#4C594C&#8221; _builder_version=&#8221;4.17.4&#8243; _module_preset=&#8221;default&#8221; custom_margin=&#8221;|||-10px|false|false&#8221; custom_padding=&#8221;||||false|false&#8221; global_colors_info=&#8221;{}&#8221;][et_pb_social_media_follow_network social_network=&#8221;facebook&#8221; url=&#8221;https:\/\/www.facebook.com\/profile.php?id=100054237651768&#8243; _builder_version=&#8221;4.17.4&#8243; _module_preset=&#8221;default&#8221; background_enable_color=&#8221;off&#8221; global_colors_info=&#8221;{}&#8221; follow_button=&#8221;off&#8221; url_new_window=&#8221;on&#8221;]facebook[\/et_pb_social_media_follow_network][et_pb_social_media_follow_network social_network=&#8221;instagram&#8221; url=&#8221;https:\/\/instagram.com\/tmilevinhelppi?igshid=YmMyMTA2M2Y=&#8221; _builder_version=&#8221;4.17.4&#8243; _module_preset=&#8221;default&#8221; background_enable_color=&#8221;off&#8221; global_colors_info=&#8221;{}&#8221; follow_button=&#8221;off&#8221; url_new_window=&#8221;on&#8221;]instagram[\/et_pb_social_media_follow_network][\/et_pb_social_media_follow][\/et_pb_column][\/et_pb_row][\/et_pb_section]<\/p>\n","protected":false},"excerpt":{"rendered":"<p>General machinery repair and maintenance services in Levi. &nbsp;ServicesWe service and repair tractors, wheel loaders and other heavy machinery, including small domestic appliances. Special skill set for modern Cummins Engines- including servicing engines and related technologies, including fuel systems, controls, air handling, filtration, emission solutions and electrical power generation systems. Jaakko M\u00e4kitalo +358 40 168 [&hellip;]<\/p>\n","protected":false},"author":1,"featured_media":0,"parent":0,"menu_order":0,"comment_status":"closed","ping_status":"closed","template":"","meta":{"_et_pb_use_builder":"on","_et_pb_old_content":"","_et_gb_content_width":"","_monsterinsights_skip_tracking":false,"_monsterinsights_sitenote_active":false,"_monsterinsights_sitenote_note":"","_monsterinsights_sitenote_category":0,"footnotes":""},"class_list":["post-425","page","type-page","status-publish","hentry"],"yoast_head":"<!-- This site is optimized with the Yoast SEO plugin v27.5 - https:\/\/yoast.com\/product\/yoast-seo-wordpress\/ -->\n<title>General machinery repair and maintenance services in Levi. - levijoenloimu.fi<\/title>\n<meta name=\"description\" content=\"General machinery repair and maintenance services We service and repair tractors, wheel loaders and other heavy machinery, including small domestic appliances. including small domestic appliances. Special skill set for modern Cummins Engines- including servicing engines and related technologies, including fuel systems, controls, air handling, filtration, emission solutions and electrical power generation systems.\" \/>\n<meta name=\"robots\" content=\"index, follow, max-snippet:-1, max-image-preview:large, max-video-preview:-1\" \/>\n<link rel=\"canonical\" href=\"https:\/\/levijoenloimu.fi\/en\/general-machinery-repair-and-maintenance-services-in-levi\/\" \/>\n<meta property=\"og:locale\" content=\"en_US\" \/>\n<meta property=\"og:type\" content=\"article\" \/>\n<meta property=\"og:title\" content=\"General machinery repair and maintenance services in Levi. - levijoenloimu.fi\" \/>\n<meta property=\"og:description\" content=\"General machinery repair and maintenance services We service and repair tractors, wheel loaders and other heavy machinery, including small domestic appliances. including small domestic appliances. Special skill set for modern Cummins Engines- including servicing engines and related technologies, including fuel systems, controls, air handling, filtration, emission solutions and electrical power generation systems.\" \/>\n<meta property=\"og:url\" content=\"https:\/\/levijoenloimu.fi\/en\/general-machinery-repair-and-maintenance-services-in-levi\/\" \/>\n<meta property=\"og:site_name\" content=\"levijoenloimu.fi\" \/>\n<meta property=\"article:publisher\" content=\"https:\/\/www.facebook.com\/profile.php?id=100054237651768\" \/>\n<meta property=\"article:modified_time\" content=\"2025-10-23T18:46:29+00:00\" \/>\n<meta name=\"twitter:card\" content=\"summary_large_image\" \/>\n<meta name=\"twitter:label1\" content=\"Est. reading time\" \/>\n\t<meta name=\"twitter:data1\" content=\"1 minute\" \/>\n<script type=\"application\/ld+json\" class=\"yoast-schema-graph\">{\"@context\":\"https:\\\/\\\/schema.org\",\"@graph\":[{\"@type\":\"WebPage\",\"@id\":\"https:\\\/\\\/levijoenloimu.fi\\\/en\\\/general-machinery-repair-and-maintenance-services-in-levi\\\/\",\"url\":\"https:\\\/\\\/levijoenloimu.fi\\\/en\\\/general-machinery-repair-and-maintenance-services-in-levi\\\/\",\"name\":\"General machinery repair and maintenance services in Levi. - levijoenloimu.fi\",\"isPartOf\":{\"@id\":\"https:\\\/\\\/levijoenloimu.fi\\\/en\\\/#website\"},\"datePublished\":\"2022-06-20T10:09:39+00:00\",\"dateModified\":\"2025-10-23T18:46:29+00:00\",\"description\":\"General machinery repair and maintenance services We service and repair tractors, wheel loaders and other heavy machinery, including small domestic appliances. including small domestic appliances. Special skill set for modern Cummins Engines- including servicing engines and related technologies, including fuel systems, controls, air handling, filtration, emission solutions and electrical power generation systems.\",\"breadcrumb\":{\"@id\":\"https:\\\/\\\/levijoenloimu.fi\\\/en\\\/general-machinery-repair-and-maintenance-services-in-levi\\\/#breadcrumb\"},\"inLanguage\":\"en-US\",\"potentialAction\":[{\"@type\":\"ReadAction\",\"target\":[\"https:\\\/\\\/levijoenloimu.fi\\\/en\\\/general-machinery-repair-and-maintenance-services-in-levi\\\/\"]}]},{\"@type\":\"BreadcrumbList\",\"@id\":\"https:\\\/\\\/levijoenloimu.fi\\\/en\\\/general-machinery-repair-and-maintenance-services-in-levi\\\/#breadcrumb\",\"itemListElement\":[{\"@type\":\"ListItem\",\"position\":1,\"name\":\"Etusivu\",\"item\":\"https:\\\/\\\/levijoenloimu.fi\\\/en\\\/\"},{\"@type\":\"ListItem\",\"position\":2,\"name\":\"General machinery repair and maintenance services in Levi.\"}]},{\"@type\":\"WebSite\",\"@id\":\"https:\\\/\\\/levijoenloimu.fi\\\/en\\\/#website\",\"url\":\"https:\\\/\\\/levijoenloimu.fi\\\/en\\\/\",\"name\":\"levijoenloimu.fi\",\"description\":\"Puut\u00f6it\u00e4, m\u00f6kkihuolintaa, konekorjausta ja perinteist\u00e4 el\u00e4m\u00e4ntapaa Levill\u00e4\",\"publisher\":{\"@id\":\"https:\\\/\\\/levijoenloimu.fi\\\/en\\\/#organization\"},\"potentialAction\":[{\"@type\":\"SearchAction\",\"target\":{\"@type\":\"EntryPoint\",\"urlTemplate\":\"https:\\\/\\\/levijoenloimu.fi\\\/en\\\/?s={search_term_string}\"},\"query-input\":{\"@type\":\"PropertyValueSpecification\",\"valueRequired\":true,\"valueName\":\"search_term_string\"}}],\"inLanguage\":\"en-US\"},{\"@type\":\"Organization\",\"@id\":\"https:\\\/\\\/levijoenloimu.fi\\\/en\\\/#organization\",\"name\":\"Levijoen Loimu\",\"url\":\"https:\\\/\\\/levijoenloimu.fi\\\/en\\\/\",\"logo\":{\"@type\":\"ImageObject\",\"inLanguage\":\"en-US\",\"@id\":\"https:\\\/\\\/levijoenloimu.fi\\\/en\\\/#\\\/schema\\\/logo\\\/image\\\/\",\"url\":\"https:\\\/\\\/levijoenloimu.fi\\\/wp-content\\\/uploads\\\/2022\\\/06\\\/levijoenloimu.png\",\"contentUrl\":\"https:\\\/\\\/levijoenloimu.fi\\\/wp-content\\\/uploads\\\/2022\\\/06\\\/levijoenloimu.png\",\"width\":1140,\"height\":590,\"caption\":\"Levijoen Loimu\"},\"image\":{\"@id\":\"https:\\\/\\\/levijoenloimu.fi\\\/en\\\/#\\\/schema\\\/logo\\\/image\\\/\"},\"sameAs\":[\"https:\\\/\\\/www.facebook.com\\\/profile.php?id=100054237651768\"]}]}<\/script>\n<!-- \/ Yoast SEO plugin. -->","yoast_head_json":{"title":"General machinery repair and maintenance services in Levi. - levijoenloimu.fi","description":"General machinery repair and maintenance services We service and repair tractors, wheel loaders and other heavy machinery, including small domestic appliances. including small domestic appliances. Special skill set for modern Cummins Engines- including servicing engines and related technologies, including fuel systems, controls, air handling, filtration, emission solutions and electrical power generation systems.","robots":{"index":"index","follow":"follow","max-snippet":"max-snippet:-1","max-image-preview":"max-image-preview:large","max-video-preview":"max-video-preview:-1"},"canonical":"https:\/\/levijoenloimu.fi\/en\/general-machinery-repair-and-maintenance-services-in-levi\/","og_locale":"en_US","og_type":"article","og_title":"General machinery repair and maintenance services in Levi. - levijoenloimu.fi","og_description":"General machinery repair and maintenance services We service and repair tractors, wheel loaders and other heavy machinery, including small domestic appliances. including small domestic appliances. Special skill set for modern Cummins Engines- including servicing engines and related technologies, including fuel systems, controls, air handling, filtration, emission solutions and electrical power generation systems.","og_url":"https:\/\/levijoenloimu.fi\/en\/general-machinery-repair-and-maintenance-services-in-levi\/","og_site_name":"levijoenloimu.fi","article_publisher":"https:\/\/www.facebook.com\/profile.php?id=100054237651768","article_modified_time":"2025-10-23T18:46:29+00:00","twitter_card":"summary_large_image","twitter_misc":{"Est. reading time":"1 minute"},"schema":{"@context":"https:\/\/schema.org","@graph":[{"@type":"WebPage","@id":"https:\/\/levijoenloimu.fi\/en\/general-machinery-repair-and-maintenance-services-in-levi\/","url":"https:\/\/levijoenloimu.fi\/en\/general-machinery-repair-and-maintenance-services-in-levi\/","name":"General machinery repair and maintenance services in Levi. - levijoenloimu.fi","isPartOf":{"@id":"https:\/\/levijoenloimu.fi\/en\/#website"},"datePublished":"2022-06-20T10:09:39+00:00","dateModified":"2025-10-23T18:46:29+00:00","description":"General machinery repair and maintenance services We service and repair tractors, wheel loaders and other heavy machinery, including small domestic appliances. including small domestic appliances. Special skill set for modern Cummins Engines- including servicing engines and related technologies, including fuel systems, controls, air handling, filtration, emission solutions and electrical power generation systems.","breadcrumb":{"@id":"https:\/\/levijoenloimu.fi\/en\/general-machinery-repair-and-maintenance-services-in-levi\/#breadcrumb"},"inLanguage":"en-US","potentialAction":[{"@type":"ReadAction","target":["https:\/\/levijoenloimu.fi\/en\/general-machinery-repair-and-maintenance-services-in-levi\/"]}]},{"@type":"BreadcrumbList","@id":"https:\/\/levijoenloimu.fi\/en\/general-machinery-repair-and-maintenance-services-in-levi\/#breadcrumb","itemListElement":[{"@type":"ListItem","position":1,"name":"Etusivu","item":"https:\/\/levijoenloimu.fi\/en\/"},{"@type":"ListItem","position":2,"name":"General machinery repair and maintenance services in Levi."}]},{"@type":"WebSite","@id":"https:\/\/levijoenloimu.fi\/en\/#website","url":"https:\/\/levijoenloimu.fi\/en\/","name":"levijoenloimu.fi","description":"Puut\u00f6it\u00e4, m\u00f6kkihuolintaa, konekorjausta ja perinteist\u00e4 el\u00e4m\u00e4ntapaa Levill\u00e4","publisher":{"@id":"https:\/\/levijoenloimu.fi\/en\/#organization"},"potentialAction":[{"@type":"SearchAction","target":{"@type":"EntryPoint","urlTemplate":"https:\/\/levijoenloimu.fi\/en\/?s={search_term_string}"},"query-input":{"@type":"PropertyValueSpecification","valueRequired":true,"valueName":"search_term_string"}}],"inLanguage":"en-US"},{"@type":"Organization","@id":"https:\/\/levijoenloimu.fi\/en\/#organization","name":"Levijoen Loimu","url":"https:\/\/levijoenloimu.fi\/en\/","logo":{"@type":"ImageObject","inLanguage":"en-US","@id":"https:\/\/levijoenloimu.fi\/en\/#\/schema\/logo\/image\/","url":"https:\/\/levijoenloimu.fi\/wp-content\/uploads\/2022\/06\/levijoenloimu.png","contentUrl":"https:\/\/levijoenloimu.fi\/wp-content\/uploads\/2022\/06\/levijoenloimu.png","width":1140,"height":590,"caption":"Levijoen Loimu"},"image":{"@id":"https:\/\/levijoenloimu.fi\/en\/#\/schema\/logo\/image\/"},"sameAs":["https:\/\/www.facebook.com\/profile.php?id=100054237651768"]}]}},"_links":{"self":[{"href":"https:\/\/levijoenloimu.fi\/en\/wp-json\/wp\/v2\/pages\/425","targetHints":{"allow":["GET"]}}],"collection":[{"href":"https:\/\/levijoenloimu.fi\/en\/wp-json\/wp\/v2\/pages"}],"about":[{"href":"https:\/\/levijoenloimu.fi\/en\/wp-json\/wp\/v2\/types\/page"}],"author":[{"embeddable":true,"href":"https:\/\/levijoenloimu.fi\/en\/wp-json\/wp\/v2\/users\/1"}],"replies":[{"embeddable":true,"href":"https:\/\/levijoenloimu.fi\/en\/wp-json\/wp\/v2\/comments?post=425"}],"version-history":[{"count":7,"href":"https:\/\/levijoenloimu.fi\/en\/wp-json\/wp\/v2\/pages\/425\/revisions"}],"predecessor-version":[{"id":557,"href":"https:\/\/levijoenloimu.fi\/en\/wp-json\/wp\/v2\/pages\/425\/revisions\/557"}],"wp:attachment":[{"href":"https:\/\/levijoenloimu.fi\/en\/wp-json\/wp\/v2\/media?parent=425"}],"curies":[{"name":"wp","href":"https:\/\/api.w.org\/{rel}","templated":true}]}}