{"id":436,"date":"2022-06-23T12:51:51","date_gmt":"2022-06-23T09:51:51","guid":{"rendered":"https:\/\/levijoenloimu.fi\/maintenance-services-in-levi\/"},"modified":"2025-10-23T21:47:24","modified_gmt":"2025-10-23T18:47:24","slug":"maintenance-services-in-levi","status":"publish","type":"page","link":"https:\/\/levijoenloimu.fi\/en\/maintenance-services-in-levi\/","title":{"rendered":"Maintenance Services in Levi"},"content":{"rendered":"<p>[et_pb_section fb_built=&#8221;1&#8243; admin_label=&#8221;Header&#8221; _builder_version=&#8221;4.17.4&#8243; _module_preset=&#8221;default&#8221; background_image=&#8221;https:\/\/levijoenloimu.fi\/wp-content\/uploads\/2022\/06\/railing-gf49f5b4f4_1280.jpg&#8221; custom_padding=&#8221;||0px||false|false&#8221; global_colors_info=&#8221;{}&#8221;][et_pb_row _builder_version=&#8221;4.16&#8243; _module_preset=&#8221;default&#8221; global_colors_info=&#8221;{}&#8221;][et_pb_column type=&#8221;4_4&#8243; _builder_version=&#8221;4.16&#8243; _module_preset=&#8221;default&#8221; global_colors_info=&#8221;{}&#8221;][et_pb_text _builder_version=&#8221;4.17.4&#8243; _module_preset=&#8221;default&#8221; header_font=&#8221;Alegreya|600|||||||&#8221; header_text_color=&#8221;#FFFFFF&#8221; header_font_size=&#8221;70px&#8221; header_line_height=&#8221;1.1em&#8221; max_width=&#8221;670px&#8221; header_font_size_tablet=&#8221;50px&#8221; header_font_size_phone=&#8221;24px&#8221; header_font_size_last_edited=&#8221;on|phone&#8221; locked=&#8221;off&#8221; global_colors_info=&#8221;{}&#8221;]<\/p>\n<h1>Maintenance Services<\/h1>\n<p>[\/et_pb_text][et_pb_divider color=&#8221;rgba(255,255,255,0.3)&#8221; divider_weight=&#8221;10px&#8221; _builder_version=&#8221;4.16&#8243; _module_preset=&#8221;default&#8221; z_index=&#8221;10&#8243; max_width=&#8221;260px&#8221; height=&#8221;10px&#8221; custom_margin=&#8221;-66px||30px||false|false&#8221; custom_margin_tablet=&#8221;-59px||||false|false&#8221; custom_margin_phone=&#8221;-48px||||false|false&#8221; custom_margin_last_edited=&#8221;on|phone&#8221; global_colors_info=&#8221;{}&#8221;][\/et_pb_divider][\/et_pb_column][\/et_pb_row][et_pb_row use_custom_gutter=&#8221;on&#8221; gutter_width=&#8221;1&#8243; _builder_version=&#8221;4.16&#8243; _module_preset=&#8221;default&#8221; custom_padding=&#8221;||0px||false|false&#8221; global_colors_info=&#8221;{}&#8221;][et_pb_column type=&#8221;4_4&#8243; _builder_version=&#8221;4.16&#8243; _module_preset=&#8221;default&#8221; global_colors_info=&#8221;{}&#8221;][\/et_pb_column][\/et_pb_row][\/et_pb_section][et_pb_section fb_built=&#8221;1&#8243; admin_label=&#8221;About&#8221; _builder_version=&#8221;4.16&#8243; _module_preset=&#8221;default&#8221; global_colors_info=&#8221;{}&#8221;][et_pb_row _builder_version=&#8221;4.16&#8243; _module_preset=&#8221;default&#8221; global_colors_info=&#8221;{}&#8221;][et_pb_column type=&#8221;4_4&#8243; _builder_version=&#8221;4.16&#8243; _module_preset=&#8221;default&#8221; global_colors_info=&#8221;{}&#8221;][et_pb_text _builder_version=&#8221;4.17.4&#8243; _module_preset=&#8221;default&#8221; header_font=&#8221;Alegreya||||||||&#8221; header_2_font=&#8221;Outfit|600|||||||&#8221; header_2_text_align=&#8221;center&#8221; header_2_text_color=&#8221;#000000&#8243; header_2_font_size=&#8221;48px&#8221; header_2_line_height=&#8221;1.1em&#8221; max_width=&#8221;500px&#8221; module_alignment=&#8221;center&#8221; custom_margin=&#8221;||0px||false|false&#8221; header_2_font_size_tablet=&#8221;32px&#8221; header_2_font_size_phone=&#8221;20px&#8221; header_2_font_size_last_edited=&#8221;on|desktop&#8221; header_2_line_height_tablet=&#8221;1.2em&#8221; header_2_line_height_phone=&#8221;&#8221; header_2_line_height_last_edited=&#8221;on|phone&#8221; locked=&#8221;off&#8221; global_colors_info=&#8221;{}&#8221;]<\/p>\n<h2>About us<\/h2>\n<p>[\/et_pb_text][et_pb_divider color=&#8221;rgba(76,89,76,0.24)&#8221; divider_weight=&#8221;5px&#8221; _builder_version=&#8221;4.17.4&#8243; _module_preset=&#8221;default&#8221; max_width=&#8221;210px&#8221; module_alignment=&#8221;center&#8221; height=&#8221;5px&#8221; custom_margin=&#8221;-24px||30px||false|false&#8221; custom_margin_tablet=&#8221;-22px||||false|false&#8221; custom_margin_phone=&#8221;-18px||||false|false&#8221; custom_margin_last_edited=&#8221;on|phone&#8221; global_colors_info=&#8221;{}&#8221;][\/et_pb_divider][et_pb_text ul_position=&#8221;inside&#8221; _builder_version=&#8221;4.17.6&#8243; _module_preset=&#8221;default&#8221; text_font=&#8221;||||||||&#8221; text_font_size=&#8221;18px&#8221; text_line_height=&#8221;1.8em&#8221; ul_text_color=&#8221;#494949&#8243; text_orientation=&#8221;center&#8221; text_font_size_tablet=&#8221;16px&#8221; text_font_size_phone=&#8221;14px&#8221; text_font_size_last_edited=&#8221;on|phone&#8221; locked=&#8221;off&#8221; global_colors_info=&#8221;{}&#8221;]<\/p>\n<div dir=\"auto\">If you need cleaning, key service, firewood service, small renovation or outdoor maintenance, we offer what you need.<\/div>\n<div dir=\"auto\"><\/div>\n<p>Ask an offer for maintenance services.<\/p>\n<p>We have different service packages. Ask more <a href=\"mailto:callto:info@levijoenloimu.fi\">info@levijoenloimu.fi<\/a>.<\/p>\n<p>[\/et_pb_text][\/et_pb_column][\/et_pb_row][\/et_pb_section][et_pb_section fb_built=&#8221;1&#8243; admin_label=&#8221;Footer&#8221; _builder_version=&#8221;4.16&#8243; _module_preset=&#8221;default&#8221; saved_tabs=&#8221;all&#8221; locked=&#8221;off&#8221; global_colors_info=&#8221;{}&#8221;][et_pb_row column_structure=&#8221;1_3,1_3,1_3&#8243; _builder_version=&#8221;4.16&#8243; _module_preset=&#8221;default&#8221; global_colors_info=&#8221;{}&#8221;][et_pb_column type=&#8221;1_3&#8243; _builder_version=&#8221;4.16&#8243; _module_preset=&#8221;default&#8221; global_colors_info=&#8221;{}&#8221;][et_pb_text _builder_version=&#8221;4.17.4&#8243; _module_preset=&#8221;default&#8221; header_4_font=&#8221;|700||on|||||&#8221; header_4_text_color=&#8221;#4C594C&#8221; header_4_font_size=&#8221;14px&#8221; header_4_letter_spacing=&#8221;0.2em&#8221; header_4_line_height=&#8221;1.5em&#8221; custom_margin=&#8221;||0px||false|false&#8221; locked=&#8221;off&#8221; global_colors_info=&#8221;{}&#8221;]<\/p>\n<h4>Company<\/h4>\n<p>[\/et_pb_text][et_pb_text _builder_version=&#8221;4.17.4&#8243; _module_preset=&#8221;default&#8221; text_font_size=&#8221;13px&#8221; text_line_height=&#8221;1.8em&#8221; link_text_color=&#8221;#666666&#8243; custom_margin=&#8221;||||false|false&#8221; header_font_size_tablet=&#8221;55px&#8221; header_font_size_last_edited=&#8221;off|desktop&#8221; locked=&#8221;off&#8221; global_colors_info=&#8221;{}&#8221;]<\/p>\n<p>Levijoen Loimu Oy<\/p>\n<p>[\/et_pb_text][\/et_pb_column][et_pb_column type=&#8221;1_3&#8243; _builder_version=&#8221;4.16&#8243; _module_preset=&#8221;default&#8221; global_colors_info=&#8221;{}&#8221;][et_pb_text _builder_version=&#8221;4.17.4&#8243; _module_preset=&#8221;default&#8221; header_4_font=&#8221;|700||on|||||&#8221; header_4_text_color=&#8221;#4C594C&#8221; header_4_font_size=&#8221;14px&#8221; header_4_letter_spacing=&#8221;0.2em&#8221; header_4_line_height=&#8221;1.5em&#8221; custom_margin=&#8221;||0px||false|false&#8221; locked=&#8221;off&#8221; global_colors_info=&#8221;{}&#8221;]<\/p>\n<h4>Contacts<\/h4>\n<p>[\/et_pb_text][et_pb_text _builder_version=&#8221;4.17.4&#8243; _module_preset=&#8221;default&#8221; text_font_size=&#8221;13px&#8221; text_line_height=&#8221;1.8em&#8221; link_text_color=&#8221;#666666&#8243; custom_margin=&#8221;||||false|false&#8221; header_font_size_tablet=&#8221;55px&#8221; header_font_size_last_edited=&#8221;off|desktop&#8221; locked=&#8221;off&#8221; global_colors_info=&#8221;{}&#8221;]<\/p>\n<p>Kaltiokummuntie 50<\/p>\n<p>99130 Sirkka<\/p>\n<p>[\/et_pb_text][et_pb_text _builder_version=&#8221;4.17.4&#8243; _module_preset=&#8221;default&#8221; text_font_size=&#8221;13px&#8221; text_line_height=&#8221;1.8em&#8221; link_text_color=&#8221;#666666&#8243; custom_margin=&#8221;||||false|false&#8221; header_font_size_tablet=&#8221;55px&#8221; header_font_size_last_edited=&#8221;off|desktop&#8221; locked=&#8221;off&#8221; global_colors_info=&#8221;{}&#8221;]<\/p>\n<p><a href=\"mailto:info@levijoenloimu.fi\">info@levijoenloimu.fi<\/a><\/p>\n<p><strong>Levijoen loimu Oy <\/strong><\/p>\n<p>Jussi M\u00e4kitalo <a href=\"callto:+358407374792\">+358 40 7374 792<\/a><\/p>\n<p>Jaakko M\u00e4kitalo <a href=\"callto:+358401681065\">+358 40 168 1065<\/a><\/p>\n<p>&nbsp;<\/p>\n<p><strong>Tmi Levin Helppi<\/strong><\/p>\n<p>Sari Rauhala <a href=\"callto:+358408425186\">+358 40 842 5186<\/a><\/p>\n<p>[\/et_pb_text][\/et_pb_column][et_pb_column type=&#8221;1_3&#8243; _builder_version=&#8221;4.16&#8243; _module_preset=&#8221;default&#8221; global_colors_info=&#8221;{}&#8221;][et_pb_text _builder_version=&#8221;4.17.4&#8243; _module_preset=&#8221;default&#8221; header_4_font=&#8221;|700||on|||||&#8221; header_4_text_color=&#8221;#4C594C&#8221; header_4_font_size=&#8221;14px&#8221; header_4_letter_spacing=&#8221;0.2em&#8221; header_4_line_height=&#8221;1.5em&#8221; custom_margin=&#8221;||0px||false|false&#8221; locked=&#8221;off&#8221; global_colors_info=&#8221;{}&#8221;]<\/p>\n<h4>Follow us<\/h4>\n<p>[\/et_pb_text][et_pb_social_media_follow icon_color=&#8221;#4C594C&#8221; _builder_version=&#8221;4.17.6&#8243; _module_preset=&#8221;default&#8221; custom_margin=&#8221;|||-10px|false|false&#8221; custom_padding=&#8221;||||false|false&#8221; locked=&#8221;off&#8221; global_colors_info=&#8221;{}&#8221;][et_pb_social_media_follow_network social_network=&#8221;facebook&#8221; url=&#8221;https:\/\/www.facebook.com\/profile.php?id=100054237651768&#8243; _builder_version=&#8221;4.17.6&#8243; _module_preset=&#8221;default&#8221; background_enable_color=&#8221;off&#8221; global_colors_info=&#8221;{}&#8221; follow_button=&#8221;off&#8221; url_new_window=&#8221;on&#8221;]facebook[\/et_pb_social_media_follow_network][et_pb_social_media_follow_network social_network=&#8221;instagram&#8221; url=&#8221;https:\/\/instagram.com\/tmilevinhelppi?igshid=YmMyMTA2M2Y=&#8221; _builder_version=&#8221;4.17.6&#8243; _module_preset=&#8221;default&#8221; background_enable_color=&#8221;off&#8221; global_colors_info=&#8221;{}&#8221; follow_button=&#8221;off&#8221; url_new_window=&#8221;on&#8221;]instagram[\/et_pb_social_media_follow_network][\/et_pb_social_media_follow][\/et_pb_column][\/et_pb_row][\/et_pb_section]<\/p>\n","protected":false},"excerpt":{"rendered":"<p>Maintenance ServicesAbout usIf you need cleaning, key service, firewood service, small renovation or outdoor maintenance, we offer what you need. Ask an offer for maintenance services. We have different service packages. Ask more info@levijoenloimu.fi.CompanyLevijoen Loimu OyContactsKaltiokummuntie 50 99130 Sirkkainfo@levijoenloimu.fi Levijoen loimu Oy Jussi M\u00e4kitalo +358 40 7374 792 Jaakko M\u00e4kitalo +358 40 168 1065 &nbsp; [&hellip;]<\/p>\n","protected":false},"author":1,"featured_media":0,"parent":0,"menu_order":0,"comment_status":"closed","ping_status":"closed","template":"","meta":{"_et_pb_use_builder":"on","_et_pb_old_content":"","_et_gb_content_width":"","_monsterinsights_skip_tracking":false,"_monsterinsights_sitenote_active":false,"_monsterinsights_sitenote_note":"","_monsterinsights_sitenote_category":0,"footnotes":""},"class_list":["post-436","page","type-page","status-publish","hentry"],"yoast_head":"<!-- This site is optimized with the Yoast SEO plugin v27.5 - https:\/\/yoast.com\/product\/yoast-seo-wordpress\/ -->\n<title>Maintenance Services in Levi - levijoenloimu.fi<\/title>\n<meta name=\"description\" content=\"Maintenance Services in Levi We are a local family business, offering maintenance services. Ask an offer for maintenance services.\" \/>\n<meta name=\"robots\" content=\"index, follow, max-snippet:-1, max-image-preview:large, max-video-preview:-1\" \/>\n<link rel=\"canonical\" href=\"https:\/\/levijoenloimu.fi\/en\/maintenance-services-in-levi\/\" \/>\n<meta property=\"og:locale\" content=\"en_US\" \/>\n<meta property=\"og:type\" content=\"article\" \/>\n<meta property=\"og:title\" content=\"Maintenance Services in Levi - levijoenloimu.fi\" \/>\n<meta property=\"og:description\" content=\"Maintenance Services in Levi We are a local family business, offering maintenance services. Ask an offer for maintenance services.\" \/>\n<meta property=\"og:url\" content=\"https:\/\/levijoenloimu.fi\/en\/maintenance-services-in-levi\/\" \/>\n<meta property=\"og:site_name\" content=\"levijoenloimu.fi\" \/>\n<meta property=\"article:publisher\" content=\"https:\/\/www.facebook.com\/profile.php?id=100054237651768\" \/>\n<meta property=\"article:modified_time\" content=\"2025-10-23T18:47:24+00:00\" \/>\n<meta name=\"twitter:card\" content=\"summary_large_image\" \/>\n<meta name=\"twitter:label1\" content=\"Est. reading time\" \/>\n\t<meta name=\"twitter:data1\" content=\"5 minutes\" \/>\n<script type=\"application\/ld+json\" class=\"yoast-schema-graph\">{\"@context\":\"https:\\\/\\\/schema.org\",\"@graph\":[{\"@type\":\"WebPage\",\"@id\":\"https:\\\/\\\/levijoenloimu.fi\\\/en\\\/maintenance-services-in-levi\\\/\",\"url\":\"https:\\\/\\\/levijoenloimu.fi\\\/en\\\/maintenance-services-in-levi\\\/\",\"name\":\"Maintenance Services in Levi - levijoenloimu.fi\",\"isPartOf\":{\"@id\":\"https:\\\/\\\/levijoenloimu.fi\\\/en\\\/#website\"},\"datePublished\":\"2022-06-23T09:51:51+00:00\",\"dateModified\":\"2025-10-23T18:47:24+00:00\",\"description\":\"Maintenance Services in Levi We are a local family business, offering maintenance services. Ask an offer for maintenance services.\",\"breadcrumb\":{\"@id\":\"https:\\\/\\\/levijoenloimu.fi\\\/en\\\/maintenance-services-in-levi\\\/#breadcrumb\"},\"inLanguage\":\"en-US\",\"potentialAction\":[{\"@type\":\"ReadAction\",\"target\":[\"https:\\\/\\\/levijoenloimu.fi\\\/en\\\/maintenance-services-in-levi\\\/\"]}]},{\"@type\":\"BreadcrumbList\",\"@id\":\"https:\\\/\\\/levijoenloimu.fi\\\/en\\\/maintenance-services-in-levi\\\/#breadcrumb\",\"itemListElement\":[{\"@type\":\"ListItem\",\"position\":1,\"name\":\"Etusivu\",\"item\":\"https:\\\/\\\/levijoenloimu.fi\\\/en\\\/\"},{\"@type\":\"ListItem\",\"position\":2,\"name\":\"Maintenance Services in Levi\"}]},{\"@type\":\"WebSite\",\"@id\":\"https:\\\/\\\/levijoenloimu.fi\\\/en\\\/#website\",\"url\":\"https:\\\/\\\/levijoenloimu.fi\\\/en\\\/\",\"name\":\"levijoenloimu.fi\",\"description\":\"Puut\u00f6it\u00e4, m\u00f6kkihuolintaa, konekorjausta ja perinteist\u00e4 el\u00e4m\u00e4ntapaa Levill\u00e4\",\"publisher\":{\"@id\":\"https:\\\/\\\/levijoenloimu.fi\\\/en\\\/#organization\"},\"potentialAction\":[{\"@type\":\"SearchAction\",\"target\":{\"@type\":\"EntryPoint\",\"urlTemplate\":\"https:\\\/\\\/levijoenloimu.fi\\\/en\\\/?s={search_term_string}\"},\"query-input\":{\"@type\":\"PropertyValueSpecification\",\"valueRequired\":true,\"valueName\":\"search_term_string\"}}],\"inLanguage\":\"en-US\"},{\"@type\":\"Organization\",\"@id\":\"https:\\\/\\\/levijoenloimu.fi\\\/en\\\/#organization\",\"name\":\"Levijoen Loimu\",\"url\":\"https:\\\/\\\/levijoenloimu.fi\\\/en\\\/\",\"logo\":{\"@type\":\"ImageObject\",\"inLanguage\":\"en-US\",\"@id\":\"https:\\\/\\\/levijoenloimu.fi\\\/en\\\/#\\\/schema\\\/logo\\\/image\\\/\",\"url\":\"https:\\\/\\\/levijoenloimu.fi\\\/wp-content\\\/uploads\\\/2022\\\/06\\\/levijoenloimu.png\",\"contentUrl\":\"https:\\\/\\\/levijoenloimu.fi\\\/wp-content\\\/uploads\\\/2022\\\/06\\\/levijoenloimu.png\",\"width\":1140,\"height\":590,\"caption\":\"Levijoen Loimu\"},\"image\":{\"@id\":\"https:\\\/\\\/levijoenloimu.fi\\\/en\\\/#\\\/schema\\\/logo\\\/image\\\/\"},\"sameAs\":[\"https:\\\/\\\/www.facebook.com\\\/profile.php?id=100054237651768\"]}]}<\/script>\n<!-- \/ Yoast SEO plugin. -->","yoast_head_json":{"title":"Maintenance Services in Levi - levijoenloimu.fi","description":"Maintenance Services in Levi We are a local family business, offering maintenance services. Ask an offer for maintenance services.","robots":{"index":"index","follow":"follow","max-snippet":"max-snippet:-1","max-image-preview":"max-image-preview:large","max-video-preview":"max-video-preview:-1"},"canonical":"https:\/\/levijoenloimu.fi\/en\/maintenance-services-in-levi\/","og_locale":"en_US","og_type":"article","og_title":"Maintenance Services in Levi - levijoenloimu.fi","og_description":"Maintenance Services in Levi We are a local family business, offering maintenance services. Ask an offer for maintenance services.","og_url":"https:\/\/levijoenloimu.fi\/en\/maintenance-services-in-levi\/","og_site_name":"levijoenloimu.fi","article_publisher":"https:\/\/www.facebook.com\/profile.php?id=100054237651768","article_modified_time":"2025-10-23T18:47:24+00:00","twitter_card":"summary_large_image","twitter_misc":{"Est. reading time":"5 minutes"},"schema":{"@context":"https:\/\/schema.org","@graph":[{"@type":"WebPage","@id":"https:\/\/levijoenloimu.fi\/en\/maintenance-services-in-levi\/","url":"https:\/\/levijoenloimu.fi\/en\/maintenance-services-in-levi\/","name":"Maintenance Services in Levi - levijoenloimu.fi","isPartOf":{"@id":"https:\/\/levijoenloimu.fi\/en\/#website"},"datePublished":"2022-06-23T09:51:51+00:00","dateModified":"2025-10-23T18:47:24+00:00","description":"Maintenance Services in Levi We are a local family business, offering maintenance services. Ask an offer for maintenance services.","breadcrumb":{"@id":"https:\/\/levijoenloimu.fi\/en\/maintenance-services-in-levi\/#breadcrumb"},"inLanguage":"en-US","potentialAction":[{"@type":"ReadAction","target":["https:\/\/levijoenloimu.fi\/en\/maintenance-services-in-levi\/"]}]},{"@type":"BreadcrumbList","@id":"https:\/\/levijoenloimu.fi\/en\/maintenance-services-in-levi\/#breadcrumb","itemListElement":[{"@type":"ListItem","position":1,"name":"Etusivu","item":"https:\/\/levijoenloimu.fi\/en\/"},{"@type":"ListItem","position":2,"name":"Maintenance Services in Levi"}]},{"@type":"WebSite","@id":"https:\/\/levijoenloimu.fi\/en\/#website","url":"https:\/\/levijoenloimu.fi\/en\/","name":"levijoenloimu.fi","description":"Puut\u00f6it\u00e4, m\u00f6kkihuolintaa, konekorjausta ja perinteist\u00e4 el\u00e4m\u00e4ntapaa Levill\u00e4","publisher":{"@id":"https:\/\/levijoenloimu.fi\/en\/#organization"},"potentialAction":[{"@type":"SearchAction","target":{"@type":"EntryPoint","urlTemplate":"https:\/\/levijoenloimu.fi\/en\/?s={search_term_string}"},"query-input":{"@type":"PropertyValueSpecification","valueRequired":true,"valueName":"search_term_string"}}],"inLanguage":"en-US"},{"@type":"Organization","@id":"https:\/\/levijoenloimu.fi\/en\/#organization","name":"Levijoen Loimu","url":"https:\/\/levijoenloimu.fi\/en\/","logo":{"@type":"ImageObject","inLanguage":"en-US","@id":"https:\/\/levijoenloimu.fi\/en\/#\/schema\/logo\/image\/","url":"https:\/\/levijoenloimu.fi\/wp-content\/uploads\/2022\/06\/levijoenloimu.png","contentUrl":"https:\/\/levijoenloimu.fi\/wp-content\/uploads\/2022\/06\/levijoenloimu.png","width":1140,"height":590,"caption":"Levijoen Loimu"},"image":{"@id":"https:\/\/levijoenloimu.fi\/en\/#\/schema\/logo\/image\/"},"sameAs":["https:\/\/www.facebook.com\/profile.php?id=100054237651768"]}]}},"_links":{"self":[{"href":"https:\/\/levijoenloimu.fi\/en\/wp-json\/wp\/v2\/pages\/436","targetHints":{"allow":["GET"]}}],"collection":[{"href":"https:\/\/levijoenloimu.fi\/en\/wp-json\/wp\/v2\/pages"}],"about":[{"href":"https:\/\/levijoenloimu.fi\/en\/wp-json\/wp\/v2\/types\/page"}],"author":[{"embeddable":true,"href":"https:\/\/levijoenloimu.fi\/en\/wp-json\/wp\/v2\/users\/1"}],"replies":[{"embeddable":true,"href":"https:\/\/levijoenloimu.fi\/en\/wp-json\/wp\/v2\/comments?post=436"}],"version-history":[{"count":7,"href":"https:\/\/levijoenloimu.fi\/en\/wp-json\/wp\/v2\/pages\/436\/revisions"}],"predecessor-version":[{"id":558,"href":"https:\/\/levijoenloimu.fi\/en\/wp-json\/wp\/v2\/pages\/436\/revisions\/558"}],"wp:attachment":[{"href":"https:\/\/levijoenloimu.fi\/en\/wp-json\/wp\/v2\/media?parent=436"}],"curies":[{"name":"wp","href":"https:\/\/api.w.org\/{rel}","templated":true}]}}